{"id":42,"date":"2017-10-05T18:13:37","date_gmt":"2017-10-05T18:13:37","guid":{"rendered":"http:\/\/www.kadindogumestetik.com\/?page_id=42"},"modified":"2023-08-08T16:20:01","modified_gmt":"2023-08-08T13:20:01","slug":"about","status":"publish","type":"page","link":"https:\/\/opdrerginerdogan.com\/en\/about\/","title":{"rendered":"About"},"content":{"rendered":"\t\t<div data-elementor-type=\"wp-page\" data-elementor-id=\"42\" class=\"elementor elementor-42\">\n\t\t\t\t\t\t<section class=\"elementor-section elementor-top-section elementor-element elementor-element-10a3028 elementor-section-boxed elementor-section-height-default elementor-section-height-default\" data-id=\"10a3028\" data-element_type=\"section\">\n\t\t\t\t\t\t<div class=\"elementor-container elementor-column-gap-default\">\n\t\t\t\t\t<div class=\"elementor-column elementor-col-50 elementor-top-column elementor-element elementor-element-26843d0\" data-id=\"26843d0\" data-element_type=\"column\">\n\t\t\t<div class=\"elementor-widget-wrap elementor-element-populated\">\n\t\t\t\t\t\t<div class=\"elementor-element elementor-element-66758ab elementor-widget elementor-widget-image\" data-id=\"66758ab\" data-element_type=\"widget\" data-widget_type=\"image.default\">\n\t\t\t\t<div class=\"elementor-widget-container\">\n\t\t\t\t\t\t\t\t\t\t\t\t\t\t\t<img fetchpriority=\"high\" decoding=\"async\" width=\"845\" height=\"1024\" src=\"https:\/\/opdrerginerdogan.com\/en\/wp-content\/uploads\/2023\/08\/ergin-erdogan-845x1024.jpg\" class=\"attachment-large size-large wp-image-1220\" alt=\"\" srcset=\"https:\/\/opdrerginerdogan.com\/en\/wp-content\/uploads\/2023\/08\/ergin-erdogan-845x1024.jpg 845w, https:\/\/opdrerginerdogan.com\/en\/wp-content\/uploads\/2023\/08\/ergin-erdogan-600x727.jpg 600w, https:\/\/opdrerginerdogan.com\/en\/wp-content\/uploads\/2023\/08\/ergin-erdogan-248x300.jpg 248w, https:\/\/opdrerginerdogan.com\/en\/wp-content\/uploads\/2023\/08\/ergin-erdogan-768x930.jpg 768w, https:\/\/opdrerginerdogan.com\/en\/wp-content\/uploads\/2023\/08\/ergin-erdogan.jpg 1178w\" sizes=\"(max-width: 845px) 100vw, 845px\" \/>\t\t\t\t\t\t\t\t\t\t\t\t\t\t\t<\/div>\n\t\t\t\t<\/div>\n\t\t\t\t\t<\/div>\n\t\t<\/div>\n\t\t\t\t<div class=\"elementor-column elementor-col-50 elementor-top-column elementor-element elementor-element-191a4e5\" data-id=\"191a4e5\" data-element_type=\"column\">\n\t\t\t<div class=\"elementor-widget-wrap elementor-element-populated\">\n\t\t\t\t\t\t<div class=\"elementor-element elementor-element-7a4a9c9 elementor-widget elementor-widget-heading\" data-id=\"7a4a9c9\" data-element_type=\"widget\" data-widget_type=\"heading.default\">\n\t\t\t\t<div class=\"elementor-widget-container\">\n\t\t\t\t\t<h2 class=\"elementor-heading-title elementor-size-default\">Op. Dr. Ergin Erdo\u011fan<\/h2>\t\t\t\t<\/div>\n\t\t\t\t<\/div>\n\t\t\t\t<div class=\"elementor-element elementor-element-a214892 elementor-widget elementor-widget-text-editor\" data-id=\"a214892\" data-element_type=\"widget\" data-widget_type=\"text-editor.default\">\n\t\t\t\t<div class=\"elementor-widget-container\">\n\t\t\t\t\t\t\t\t\t<p><strong>DEPARTMENT OF PLAST\u0130C, AESTHET\u0130C AND RECONSTRUCT\u0130VE SURGERY<\/strong><\/p>\t\t\t\t\t\t\t\t<\/div>\n\t\t\t\t<\/div>\n\t\t\t\t<div class=\"elementor-element elementor-element-7451fef elementor-widget elementor-widget-text-editor\" data-id=\"7451fef\" data-element_type=\"widget\" data-widget_type=\"text-editor.default\">\n\t\t\t\t<div class=\"elementor-widget-container\">\n\t\t\t\t\t\t\t\t\t<p><strong>Date of birth\/ place of birth<\/strong>: 07\/03\/1989 Malatya \/Turkey<\/p><p><strong>Areas Of Expertise<\/strong>: Fox Eye Surgery, Endoscopic Nov Lifting, Blepharoplasty, Bichectomy, Facial Lipofilling, Lifting Rope, Mid Face Lift, Full Face Lift, Chin Implant, Rhinoplasty, Otoplasty, Bichectomy, Breast Lift, Breast Reduction, Breast Implants, Breast Lift, Vaser Liposuction, Tummy Tuck, Post Bariatric Lipoabdominoplasti, Back Lift, Arm Lift, Six Pack Surgery, Thigh Lift, Brazilian Butt Lifting, Mommy Makeover, Vaginal Rejuvenation, Vaginoplasty, Labioplasti<\/p><p><strong>Foreign Language<\/strong>: English<\/p>\t\t\t\t\t\t\t\t<\/div>\n\t\t\t\t<\/div>\n\t\t\t\t\t<\/div>\n\t\t<\/div>\n\t\t\t\t\t<\/div>\n\t\t<\/section>\n\t\t\t\t<section class=\"elementor-section elementor-top-section elementor-element elementor-element-e4075be elementor-section-boxed elementor-section-height-default elementor-section-height-default\" data-id=\"e4075be\" data-element_type=\"section\">\n\t\t\t\t\t\t<div class=\"elementor-container elementor-column-gap-default\">\n\t\t\t\t\t<div class=\"elementor-column elementor-col-100 elementor-top-column elementor-element elementor-element-02e0f1d\" data-id=\"02e0f1d\" data-element_type=\"column\">\n\t\t\t<div class=\"elementor-widget-wrap elementor-element-populated\">\n\t\t\t\t\t\t<div class=\"elementor-element elementor-element-dfe3f5c elementor-widget elementor-widget-text-editor\" data-id=\"dfe3f5c\" data-element_type=\"widget\" data-widget_type=\"text-editor.default\">\n\t\t\t\t<div class=\"elementor-widget-container\">\n\t\t\t\t\t\t\t\t\t<p>\u00a0<\/p><p><strong>Education:<\/strong><\/p><ul><li>Kuleli Military High School 2003-2007<\/li><li>Inonu University, Medical Faculty, 2008-2014<\/li><li>Of plastic and reconstructive surgery, Firat University, USA. 2016-2021<\/li><\/ul><p><strong>Work experience<\/strong><\/p><ol><li>G\u00f6lba\u015f\u0131 2014-2015 State Hospital<\/li><li>Cardiology, Erciyes University, 2015-2016<\/li><li>Plastic Surgery, Firat University, 2016-2021<\/li><li>Worcester City Hospital 2021-2022<\/li><li>Behcet uz children&#8217;s hospital 2022-2023<\/li><\/ol><p><strong>CONGRESS PARTICIPATION IN THE COURSE<\/strong><\/p><ol start=\"2\"><li>BASIC SCHOOL ASSISTANT PLASTIC SURGERY 6-8 JANUARY 2017<\/li><li>RHINOPLASTY AND 4. FACIAL AESTHETICS COURSE JUNE 7-10, 2018<\/li><\/ol><p>PLASTIC, RECONSTRUCTIVE AND AESTHETIC SURGERY SOCIETY 40. NATIONAL CONGRESS, 17-21<\/p><p>OCTOBER 2018<\/p><p>PRESERVATION RHINOPLASTY COURSE 29KASIM-01 DECEMBER 2018<\/p><p>THE COURSE OF 12-14 JULY 2019 AESTHETIC BREAST SURGERY<\/p><p>PLASTIC, RECONSTRUCTIVE AND AESTHETIC SURGERY ASSOCIATION 41. NATIONAL CONGRESS,<\/p><p>26-30 OCTOBER 2019<\/p><p>FLAP DISSECTION COURSE 25-26 JANUARY 202<\/p>\t\t\t\t\t\t\t\t<\/div>\n\t\t\t\t<\/div>\n\t\t\t\t\t<\/div>\n\t\t<\/div>\n\t\t\t\t\t<\/div>\n\t\t<\/section>\n\t\t\t\t<\/div>\n\t\t","protected":false},"excerpt":{"rendered":"<p>Op. Dr. Ergin Erdo\u011fan DEPARTMENT OF PLAST\u0130C, AESTHET\u0130C AND RECONSTRUCT\u0130VE SURGERY Date of birth\/ place of birth: 07\/03\/1989 Malatya \/Turkey Areas Of Expertise: Fox Eye Surgery, Endoscopic Nov Lifting, Blepharoplasty, Bichectomy, Facial Lipofilling, Lifting Rope, Mid Face Lift, Full Face Lift, Chin Implant, Rhinoplasty, Otoplasty, Bichectomy, Breast Lift, Breast Reduction, Breast Implants, Breast Lift, Vaser [&hellip;]<\/p>\n","protected":false},"author":1,"featured_media":0,"parent":0,"menu_order":0,"comment_status":"closed","ping_status":"closed","template":"","meta":{"_acf_changed":false,"footnotes":""},"class_list":["post-42","page","type-page","status-publish","hentry"],"acf":[],"_links":{"self":[{"href":"https:\/\/opdrerginerdogan.com\/en\/wp-json\/wp\/v2\/pages\/42","targetHints":{"allow":["GET"]}}],"collection":[{"href":"https:\/\/opdrerginerdogan.com\/en\/wp-json\/wp\/v2\/pages"}],"about":[{"href":"https:\/\/opdrerginerdogan.com\/en\/wp-json\/wp\/v2\/types\/page"}],"author":[{"embeddable":true,"href":"https:\/\/opdrerginerdogan.com\/en\/wp-json\/wp\/v2\/users\/1"}],"replies":[{"embeddable":true,"href":"https:\/\/opdrerginerdogan.com\/en\/wp-json\/wp\/v2\/comments?post=42"}],"version-history":[{"count":0,"href":"https:\/\/opdrerginerdogan.com\/en\/wp-json\/wp\/v2\/pages\/42\/revisions"}],"wp:attachment":[{"href":"https:\/\/opdrerginerdogan.com\/en\/wp-json\/wp\/v2\/media?parent=42"}],"curies":[{"name":"wp","href":"https:\/\/api.w.org\/{rel}","templated":true}]}}