{"id":18,"date":"2017-10-05T09:52:02","date_gmt":"2017-10-05T09:52:02","guid":{"rendered":"http:\/\/www.kadindogumestetik.com\/?page_id=18"},"modified":"2025-11-27T17:00:17","modified_gmt":"2025-11-27T14:00:17","slug":"anasayfa","status":"publish","type":"page","link":"https:\/\/opdrerginerdogan.com\/en\/","title":{"rendered":"Home"},"content":{"rendered":"\t\t<div data-elementor-type=\"wp-page\" data-elementor-id=\"18\" class=\"elementor elementor-18\">\n\t\t\t\t\t\t<section class=\"elementor-section elementor-top-section elementor-element elementor-element-6276dde elementor-section-full_width elementor-section-height-default elementor-section-height-default\" data-id=\"6276dde\" data-element_type=\"section\">\n\t\t\t\t\t\t<div class=\"elementor-container elementor-column-gap-no\">\n\t\t\t\t\t<div class=\"elementor-column elementor-col-100 elementor-top-column elementor-element elementor-element-e496e09\" data-id=\"e496e09\" data-element_type=\"column\">\n\t\t\t<div class=\"elementor-widget-wrap elementor-element-populated\">\n\t\t\t\t\t\t<div class=\"elementor-element elementor-element-2836d95 elementor-widget elementor-widget-slider_revolution\" data-id=\"2836d95\" data-element_type=\"widget\" data-widget_type=\"slider_revolution.default\">\n\t\t\t\t<div class=\"elementor-widget-container\">\n\t\t\t\t\t\n\t\t<div class=\"wp-block-themepunch-revslider\">\n\t\t\t<!-- START Slider 1 REVOLUTION SLIDER 6.5.25 --><p class=\"rs-p-wp-fix\"><\/p>\n\t\t\t<rs-module-wrap id=\"rev_slider_1_1_wrapper\" data-source=\"gallery\" style=\"visibility:hidden;background:transparent;padding:0;margin:0px auto;margin-top:0;margin-bottom:0;\">\n\t\t\t\t<rs-module id=\"rev_slider_1_1\" style=\"\" data-version=\"6.5.25\">\n\t\t\t\t\t<rs-slides>\n\t\t\t\t\t\t<rs-slide style=\"position: absolute;\" data-key=\"rs-1\" data-title=\"Slide\" data-in=\"o:0;\" data-out=\"a:false;\">\n\t\t\t\t\t\t\t<img fetchpriority=\"high\" decoding=\"async\" src=\"\/\/opdrerginerdogan.com\/en\/wp-content\/plugins\/revslider\/public\/assets\/assets\/dummy.png\" alt=\"\" title=\"shutterstock_605382959\" width=\"1920\" height=\"688\" class=\"rev-slidebg tp-rs-img rs-lazyload\" data-lazyload=\"\/\/drdenizyildirim.com\/en\/wp-content\/uploads\/2022\/10\/shutterstock_605382959.jpg\" data-no-retina>\n<!--\n\t\t\t\t\t\t\t--><rs-layer\n\t\t\t\t\t\t\t\tid=\"slider-1-slide-1-layer-2\" \n\t\t\t\t\t\t\t\tdata-type=\"text\"\n\t\t\t\t\t\t\t\tdata-rsp_ch=\"on\"\n\t\t\t\t\t\t\t\tdata-xy=\"x:l,l,c,c;xo:70px,37px,0,0;yo:308px,294px,305px,362px;\"\n\t\t\t\t\t\t\t\tdata-text=\"w:normal;s:94,50,37,34;l:117,62,47,43;fw:700;\"\n\t\t\t\t\t\t\t\tdata-padding=\"t:10,5,4,3;r:10,5,4,3;b:10,5,4,3;l:10,5,4,3;\"\n\t\t\t\t\t\t\t\tdata-frame_999=\"o:0;st:w;\"\n\t\t\t\t\t\t\t\tstyle=\"z-index:10;font-family:'Roboto Condensed';\"\n\t\t\t\t\t\t\t>Op. Dr. Ergin Erdo\u011fan \n\t\t\t\t\t\t\t<\/rs-layer><!--\n\n\t\t\t\t\t\t\t--><rs-layer\n\t\t\t\t\t\t\t\tid=\"slider-1-slide-1-layer-3\" \n\t\t\t\t\t\t\t\tdata-type=\"text\"\n\t\t\t\t\t\t\t\tdata-rsp_ch=\"on\"\n\t\t\t\t\t\t\t\tdata-xy=\"x:l,l,c,c;xo:79px,36px,0,-1px;yo:450px,372px,368px,412px;\"\n\t\t\t\t\t\t\t\tdata-text=\"w:normal;s:52,32,24,24;l:58,30,22,38;\"\n\t\t\t\t\t\t\t\tdata-padding=\"t:10,5,4,3;r:10,5,4,3;b:10,5,4,3;l:10,5,4,3;\"\n\t\t\t\t\t\t\t\tdata-frame_999=\"o:0;st:w;\"\n\t\t\t\t\t\t\t\tstyle=\"z-index:9;background-color:#48c07e;font-family:'Roboto Condensed';\"\n\t\t\t\t\t\t\t>Plastic, Reconstruct\u0131ve and Aesthet\u0131c Surgery \n\t\t\t\t\t\t\t<\/rs-layer><!--\n\n\t\t\t\t\t\t\t--><rs-layer\n\t\t\t\t\t\t\t\tid=\"slider-1-slide-1-layer-4\" \n\t\t\t\t\t\t\t\tdata-type=\"shape\"\n\t\t\t\t\t\t\t\tdata-rsp_ch=\"on\"\n\t\t\t\t\t\t\t\tdata-xy=\"x:c;y:m;\"\n\t\t\t\t\t\t\t\tdata-text=\"w:normal;s:20,10,7,4;l:0,13,9,6;\"\n\t\t\t\t\t\t\t\tdata-dim=\"w:100%;h:100%;\"\n\t\t\t\t\t\t\t\tdata-basealign=\"slide\"\n\t\t\t\t\t\t\t\tdata-frame_999=\"o:0;st:w;\"\n\t\t\t\t\t\t\t\tstyle=\"z-index:8;background-color:rgba(0,0,0,0.5);\"\n\t\t\t\t\t\t\t> \n\t\t\t\t\t\t\t<\/rs-layer><!--\n-->\t\t\t\t\t\t<\/rs-slide>\n\t\t\t\t\t\t<rs-slide style=\"position: absolute;\" data-key=\"rs-3\" data-title=\"Slide\" data-in=\"o:0;\" data-out=\"a:false;\">\n\t\t\t\t\t\t\t<img decoding=\"async\" src=\"\/\/opdrerginerdogan.com\/en\/wp-content\/plugins\/revslider\/public\/assets\/assets\/dummy.png\" alt=\"\" title=\"16764\" width=\"2100\" height=\"900\" class=\"rev-slidebg tp-rs-img rs-lazyload\" data-lazyload=\"\/\/drdenizyildirim.com\/en\/wp-content\/uploads\/2022\/04\/16764.webp\" data-no-retina>\n<!--\n\t\t\t\t\t\t\t--><rs-layer\n\t\t\t\t\t\t\t\tid=\"slider-1-slide-3-layer-2\" \n\t\t\t\t\t\t\t\tdata-type=\"text\"\n\t\t\t\t\t\t\t\tdata-rsp_ch=\"on\"\n\t\t\t\t\t\t\t\tdata-xy=\"x:l,l,c,c;xo:70px,37px,0,0;yo:308px,294px,305px,362px;\"\n\t\t\t\t\t\t\t\tdata-text=\"w:normal;s:94,50,37,34;l:117,62,47,43;fw:700;\"\n\t\t\t\t\t\t\t\tdata-padding=\"t:10,5,4,3;r:10,5,4,3;b:10,5,4,3;l:10,5,4,3;\"\n\t\t\t\t\t\t\t\tdata-frame_999=\"o:0;st:w;\"\n\t\t\t\t\t\t\t\tstyle=\"z-index:10;font-family:'Roboto Condensed';\"\n\t\t\t\t\t\t\t>Op. Dr. Deniz Y\u0131ld\u0131r\u0131m \n\t\t\t\t\t\t\t<\/rs-layer><!--\n\n\t\t\t\t\t\t\t--><rs-layer\n\t\t\t\t\t\t\t\tid=\"slider-1-slide-3-layer-3\" \n\t\t\t\t\t\t\t\tdata-type=\"text\"\n\t\t\t\t\t\t\t\tdata-rsp_ch=\"on\"\n\t\t\t\t\t\t\t\tdata-xy=\"x:l,l,c,c;xo:79px,36px,0,-1px;yo:450px,372px,368px,412px;\"\n\t\t\t\t\t\t\t\tdata-text=\"w:normal;s:52,32,24,24;l:58,30,22,38;\"\n\t\t\t\t\t\t\t\tdata-padding=\"t:10,5,4,3;r:10,5,4,3;b:10,5,4,3;l:10,5,4,3;\"\n\t\t\t\t\t\t\t\tdata-frame_999=\"o:0;st:w;\"\n\t\t\t\t\t\t\t\tstyle=\"z-index:9;background-color:#48c07e;font-family:'Roboto Condensed';\"\n\t\t\t\t\t\t\t>Plastic, Reconstruct\u0131ve and Aesthet\u0131c Surgery \n\t\t\t\t\t\t\t<\/rs-layer><!--\n\n\t\t\t\t\t\t\t--><rs-layer\n\t\t\t\t\t\t\t\tid=\"slider-1-slide-3-layer-4\" \n\t\t\t\t\t\t\t\tdata-type=\"shape\"\n\t\t\t\t\t\t\t\tdata-rsp_ch=\"on\"\n\t\t\t\t\t\t\t\tdata-xy=\"x:c;y:b;\"\n\t\t\t\t\t\t\t\tdata-text=\"w:normal;s:20,10,7,4;l:0,13,9,6;\"\n\t\t\t\t\t\t\t\tdata-dim=\"w:100%;h:100%;\"\n\t\t\t\t\t\t\t\tdata-basealign=\"slide\"\n\t\t\t\t\t\t\t\tdata-frame_999=\"o:0;st:w;\"\n\t\t\t\t\t\t\t\tstyle=\"z-index:8;background-color:rgba(0,0,0,0.5);\"\n\t\t\t\t\t\t\t> \n\t\t\t\t\t\t\t<\/rs-layer><!--\n-->\t\t\t\t\t\t<\/rs-slide>\n\t\t\t\t\t<\/rs-slides>\n\t\t\t\t<\/rs-module>\n\t\t\t\t<script>\n\t\t\t\t\tsetREVStartSize({c: 'rev_slider_1_1',rl:[1240,1024,778,480],el:[640,768,960,500],gw:[1920,1024,778,480],gh:[640,768,960,500],type:'standard',justify:'',layout:'fullwidth',mh:\"0\"});if (window.RS_MODULES!==undefined && window.RS_MODULES.modules!==undefined && window.RS_MODULES.modules[\"revslider11\"]!==undefined) {window.RS_MODULES.modules[\"revslider11\"].once = false;window.revapi1 = undefined;if (window.RS_MODULES.checkMinimal!==undefined) window.RS_MODULES.checkMinimal()}\n\t\t\t\t<\/script>\n\t\t\t<\/rs-module-wrap>\n\t\t\t<!-- END REVOLUTION SLIDER -->\n<\/div>\n\n\t\t\t\t\t\t<\/div>\n\t\t\t\t<\/div>\n\t\t\t\t\t<\/div>\n\t\t<\/div>\n\t\t\t\t\t<\/div>\n\t\t<\/section>\n\t\t\t\t<section class=\"elementor-section elementor-top-section elementor-element elementor-element-cdb531d elementor-section-height-min-height elementor-reverse-mobile elementor-section-boxed elementor-section-height-default elementor-section-items-middle\" data-id=\"cdb531d\" data-element_type=\"section\">\n\t\t\t\t\t\t<div class=\"elementor-container elementor-column-gap-default\">\n\t\t\t\t\t<div class=\"elementor-column elementor-col-50 elementor-top-column elementor-element elementor-element-6d105c5\" data-id=\"6d105c5\" data-element_type=\"column\">\n\t\t\t<div class=\"elementor-widget-wrap elementor-element-populated\">\n\t\t\t\t\t\t<div class=\"elementor-element elementor-element-c5a7266 elementor-widget elementor-widget-image\" data-id=\"c5a7266\" data-element_type=\"widget\" data-widget_type=\"image.default\">\n\t\t\t\t<div class=\"elementor-widget-container\">\n\t\t\t\t\t\t\t\t\t\t\t\t\t\t\t<img decoding=\"async\" width=\"845\" height=\"1024\" src=\"https:\/\/opdrerginerdogan.com\/en\/wp-content\/uploads\/2023\/08\/ergin-erdogan-845x1024.jpg\" class=\"attachment-large size-large wp-image-1220\" alt=\"\" srcset=\"https:\/\/opdrerginerdogan.com\/en\/wp-content\/uploads\/2023\/08\/ergin-erdogan-845x1024.jpg 845w, https:\/\/opdrerginerdogan.com\/en\/wp-content\/uploads\/2023\/08\/ergin-erdogan-600x727.jpg 600w, https:\/\/opdrerginerdogan.com\/en\/wp-content\/uploads\/2023\/08\/ergin-erdogan-248x300.jpg 248w, https:\/\/opdrerginerdogan.com\/en\/wp-content\/uploads\/2023\/08\/ergin-erdogan-768x930.jpg 768w, https:\/\/opdrerginerdogan.com\/en\/wp-content\/uploads\/2023\/08\/ergin-erdogan.jpg 1178w\" sizes=\"(max-width: 845px) 100vw, 845px\" \/>\t\t\t\t\t\t\t\t\t\t\t\t\t\t\t<\/div>\n\t\t\t\t<\/div>\n\t\t\t\t\t<\/div>\n\t\t<\/div>\n\t\t\t\t<div class=\"elementor-column elementor-col-50 elementor-top-column elementor-element elementor-element-b85d667\" data-id=\"b85d667\" data-element_type=\"column\">\n\t\t\t<div class=\"elementor-widget-wrap elementor-element-populated\">\n\t\t\t\t\t\t<div class=\"elementor-element elementor-element-6d7828e elementor-widget elementor-widget-heading\" data-id=\"6d7828e\" data-element_type=\"widget\" data-widget_type=\"heading.default\">\n\t\t\t\t<div class=\"elementor-widget-container\">\n\t\t\t\t\t<h2 class=\"elementor-heading-title elementor-size-default\">Op. Dr. Ergin Erdo\u011fan<\/h2>\t\t\t\t<\/div>\n\t\t\t\t<\/div>\n\t\t\t\t<div class=\"elementor-element elementor-element-90a2f7c elementor-widget elementor-widget-text-editor\" data-id=\"90a2f7c\" data-element_type=\"widget\" data-widget_type=\"text-editor.default\">\n\t\t\t\t<div class=\"elementor-widget-container\">\n\t\t\t\t\t\t\t\t\t<p><strong>Date of birth\/ place of birth<\/strong>: 07\/03\/1989 Malatya \/Turkey<\/p>\n<p><\/p>\n<p><strong>Areas Of Expertise<\/strong>: Fox Eye Surgery, Endoscopic Nov Lifting, Blepharoplasty, Bichectomy, Facial Lipofilling, Lifting Rope, Mid Face Lift, Full Face Lift, Chin Implant, Rhinoplasty, Otoplasty, Bichectomy, Breast Lift, Breast Reduction, Breast Implants, Breast Lift, Vaser Liposuction, Tummy Tuck, Post Bariatric Lipoabdominoplasti, Back Lift, Arm Lift, Six Pack Surgery, Thigh Lift, Brazilian Butt Lifting, Mommy Makeover, Vaginal Rejuvenation, Vaginoplasty, Labioplasti<\/p>\n<p><\/p>\n<p><strong>Foreign Language<\/strong>: English<\/p>\n<p><\/p>\n<p><strong>Education:<\/strong><\/p>\n<p>Kuleli Military High School 2003-2007<\/p>\n<p>Inonu University, Medical Faculty, 2008-2014<\/p>\n<p>Of plastic and reconstructive surgery, Firat University, USA. 2016-2021<\/p>\t\t\t\t\t\t\t\t<\/div>\n\t\t\t\t<\/div>\n\t\t\t\t<div class=\"elementor-element elementor-element-a21090e elementor-widget elementor-widget-button\" data-id=\"a21090e\" data-element_type=\"widget\" data-widget_type=\"button.default\">\n\t\t\t\t<div class=\"elementor-widget-container\">\n\t\t\t\t\t\t\t\t\t<div class=\"elementor-button-wrapper\">\n\t\t\t\t\t<a class=\"elementor-button elementor-button-link elementor-size-sm\" href=\"\/en\/about\/\">\n\t\t\t\t\t\t<span class=\"elementor-button-content-wrapper\">\n\t\t\t\t\t\t<span class=\"elementor-button-icon\">\n\t\t\t\t<i aria-hidden=\"true\" class=\"fas fa-arrow-alt-circle-right\"><\/i>\t\t\t<\/span>\n\t\t\t\t\t\t\t\t\t<span class=\"elementor-button-text\">About<\/span>\n\t\t\t\t\t<\/span>\n\t\t\t\t\t<\/a>\n\t\t\t\t<\/div>\n\t\t\t\t\t\t\t\t<\/div>\n\t\t\t\t<\/div>\n\t\t\t\t\t<\/div>\n\t\t<\/div>\n\t\t\t\t\t<\/div>\n\t\t<\/section>\n\t\t\t\t<section class=\"elementor-section elementor-top-section elementor-element elementor-element-cd4f148 elementor-section-boxed elementor-section-height-default elementor-section-height-default\" data-id=\"cd4f148\" data-element_type=\"section\">\n\t\t\t\t\t\t<div class=\"elementor-container elementor-column-gap-default\">\n\t\t\t\t\t<div class=\"elementor-column elementor-col-100 elementor-top-column elementor-element elementor-element-b0254d2\" data-id=\"b0254d2\" data-element_type=\"column\">\n\t\t\t<div class=\"elementor-widget-wrap elementor-element-populated\">\n\t\t\t\t\t\t<div class=\"elementor-element elementor-element-032d5d5 elementor-widget elementor-widget-heading\" data-id=\"032d5d5\" data-element_type=\"widget\" data-widget_type=\"heading.default\">\n\t\t\t\t<div class=\"elementor-widget-container\">\n\t\t\t\t\t<h2 class=\"elementor-heading-title elementor-size-default\">Treatmens<\/h2>\t\t\t\t<\/div>\n\t\t\t\t<\/div>\n\t\t\t\t<div class=\"elementor-element elementor-element-13ea2ad elementor-widget elementor-widget-raven-posts\" data-id=\"13ea2ad\" data-element_type=\"widget\" data-settings=\"{&quot;query_posts_per_page&quot;:15,&quot;classic_columns_mobile&quot;:&quot;2&quot;,&quot;classic_columns&quot;:&quot;2&quot;,&quot;_skin&quot;:&quot;classic&quot;,&quot;classic_layout&quot;:&quot;grid&quot;,&quot;classic_columns_tablet&quot;:&quot;2&quot;,&quot;query_offset&quot;:0}\" data-widget_type=\"raven-posts.classic\">\n\t\t\t\t<div class=\"elementor-widget-container\">\n\t\t\t\t\t\t\t<div class=\"raven-posts raven-grid raven-grid-2 raven-grid-mobile-2 raven-grid-tablet-2\" data-post-id=\"18\" data-archive-query=\"\" data-lang=\"\">\n\t\t\t\t<div class=\"raven-grid-item raven-post-item post-1172 page type-page status-publish hentry\">\n\t\t\t<div class=\"raven-post\">\n\t\t\t\t\t\t\t\t<div class=\"raven-post-content\">\n\t\t\t\t\t<h3 class=\"raven-post-title\"><a class=\"raven-post-title-link\" href=\"https:\/\/opdrerginerdogan.com\/en\/breast-implants\/\">Breast Implants<\/a><\/h3>\t\t\t\t<\/div>\n\t\t\t<\/div>\n\t\t<\/div>\n\t\t\t\t<div class=\"raven-grid-item raven-post-item post-1173 page type-page status-publish hentry\">\n\t\t\t<div class=\"raven-post\">\n\t\t\t\t\t\t\t\t<div class=\"raven-post-content\">\n\t\t\t\t\t<h3 class=\"raven-post-title\"><a class=\"raven-post-title-link\" href=\"https:\/\/opdrerginerdogan.com\/en\/breast-uplift\/\">Breast Uplift<\/a><\/h3>\t\t\t\t<\/div>\n\t\t\t<\/div>\n\t\t<\/div>\n\t\t\t\t<div class=\"raven-grid-item raven-post-item post-1174 page type-page status-publish hentry\">\n\t\t\t<div class=\"raven-post\">\n\t\t\t\t\t\t\t\t<div class=\"raven-post-content\">\n\t\t\t\t\t<h3 class=\"raven-post-title\"><a class=\"raven-post-title-link\" href=\"https:\/\/opdrerginerdogan.com\/en\/facelift\/\">Facelift<\/a><\/h3>\t\t\t\t<\/div>\n\t\t\t<\/div>\n\t\t<\/div>\n\t\t\t\t<div class=\"raven-grid-item raven-post-item post-1176 page type-page status-publish hentry\">\n\t\t\t<div class=\"raven-post\">\n\t\t\t\t\t\t\t\t<div class=\"raven-post-content\">\n\t\t\t\t\t<h3 class=\"raven-post-title\"><a class=\"raven-post-title-link\" href=\"https:\/\/opdrerginerdogan.com\/en\/tummy-tuck\/\">Tummy Tuck<\/a><\/h3>\t\t\t\t<\/div>\n\t\t\t<\/div>\n\t\t<\/div>\n\t\t\t\t<div class=\"raven-grid-item raven-post-item post-1177 page type-page status-publish hentry\">\n\t\t\t<div class=\"raven-post\">\n\t\t\t\t\t\t\t\t<div class=\"raven-post-content\">\n\t\t\t\t\t<h3 class=\"raven-post-title\"><a class=\"raven-post-title-link\" href=\"https:\/\/opdrerginerdogan.com\/en\/rhinoplasty\/\">Rhinoplasty<\/a><\/h3>\t\t\t\t<\/div>\n\t\t\t<\/div>\n\t\t<\/div>\n\t\t\t\t<div class=\"raven-grid-item raven-post-item post-1178 page type-page status-publish hentry\">\n\t\t\t<div class=\"raven-post\">\n\t\t\t\t\t\t\t\t<div class=\"raven-post-content\">\n\t\t\t\t\t<h3 class=\"raven-post-title\"><a class=\"raven-post-title-link\" href=\"https:\/\/opdrerginerdogan.com\/en\/brazilian-butt-lift\/\">Brazilian Butt Lift<\/a><\/h3>\t\t\t\t<\/div>\n\t\t\t<\/div>\n\t\t<\/div>\n\t\t\t\t<div class=\"raven-grid-item raven-post-item post-1224 page type-page status-publish hentry\">\n\t\t\t<div class=\"raven-post\">\n\t\t\t\t\t\t\t\t<div class=\"raven-post-content\">\n\t\t\t\t\t<h3 class=\"raven-post-title\"><a class=\"raven-post-title-link\" href=\"https:\/\/opdrerginerdogan.com\/en\/kvkk-gizlilik-ve-cerez-politikamiz\/\">KVKK, Gizlilik Ve \u00c7erez Politikam\u0131z<\/a><\/h3>\t\t\t\t<\/div>\n\t\t\t<\/div>\n\t\t<\/div>\n\t\t\t\t<div class=\"raven-grid-item raven-post-item post-1225 page type-page status-publish hentry\">\n\t\t\t<div class=\"raven-post\">\n\t\t\t\t\t\t\t\t<div class=\"raven-post-content\">\n\t\t\t\t\t<h3 class=\"raven-post-title\"><a class=\"raven-post-title-link\" href=\"https:\/\/opdrerginerdogan.com\/en\/mesafeli-satis-sozlesmesi\/\">Mesafeli Sat\u0131\u015f S\u00f6zle\u015fmesi<\/a><\/h3>\t\t\t\t<\/div>\n\t\t\t<\/div>\n\t\t<\/div>\n\t\t\t\t<div class=\"raven-grid-item raven-post-item post-1228 page type-page status-publish hentry\">\n\t\t\t<div class=\"raven-post\">\n\t\t\t\t\t\t\t\t<div class=\"raven-post-content\">\n\t\t\t\t\t<h3 class=\"raven-post-title\"><a class=\"raven-post-title-link\" href=\"https:\/\/opdrerginerdogan.com\/en\/shop\/\">Shop<\/a><\/h3>\t\t\t\t<\/div>\n\t\t\t<\/div>\n\t\t<\/div>\n\t\t\t\t<div class=\"raven-grid-item raven-post-item post-1229 page type-page status-publish hentry\">\n\t\t\t<div class=\"raven-post\">\n\t\t\t\t\t\t\t\t<div class=\"raven-post-content\">\n\t\t\t\t\t<h3 class=\"raven-post-title\"><a class=\"raven-post-title-link\" href=\"https:\/\/opdrerginerdogan.com\/en\/cart\/\">Cart<\/a><\/h3>\t\t\t\t<\/div>\n\t\t\t<\/div>\n\t\t<\/div>\n\t\t\t\t<div class=\"raven-grid-item raven-post-item post-1230 page type-page status-publish hentry\">\n\t\t\t<div class=\"raven-post\">\n\t\t\t\t\t\t\t\t<div class=\"raven-post-content\">\n\t\t\t\t\t<h3 class=\"raven-post-title\"><a class=\"raven-post-title-link\" href=\"https:\/\/opdrerginerdogan.com\/en\/checkout\/\">Checkout<\/a><\/h3>\t\t\t\t<\/div>\n\t\t\t<\/div>\n\t\t<\/div>\n\t\t\t\t<div class=\"raven-grid-item raven-post-item post-1231 page type-page status-publish hentry\">\n\t\t\t<div class=\"raven-post\">\n\t\t\t\t\t\t\t\t<div class=\"raven-post-content\">\n\t\t\t\t\t<h3 class=\"raven-post-title\"><a class=\"raven-post-title-link\" href=\"https:\/\/opdrerginerdogan.com\/en\/my-account\/\">My account<\/a><\/h3>\t\t\t\t<\/div>\n\t\t\t<\/div>\n\t\t<\/div>\n\t\t\t\t<div class=\"raven-grid-item raven-post-item post-1246 page type-page status-publish hentry\">\n\t\t\t<div class=\"raven-post\">\n\t\t\t\t\t\t\t\t<div class=\"raven-post-content\">\n\t\t\t\t\t<h3 class=\"raven-post-title\"><a class=\"raven-post-title-link\" href=\"https:\/\/opdrerginerdogan.com\/en\/preliminary-information-text\/\">Preliminary Information Text<\/a><\/h3>\t\t\t\t<\/div>\n\t\t\t<\/div>\n\t\t<\/div>\n\t\t\t\t<div class=\"raven-grid-item raven-post-item post-1247 page type-page status-publish hentry\">\n\t\t\t<div class=\"raven-post\">\n\t\t\t\t\t\t\t\t<div class=\"raven-post-content\">\n\t\t\t\t\t<h3 class=\"raven-post-title\"><a class=\"raven-post-title-link\" href=\"https:\/\/opdrerginerdogan.com\/en\/terms-and-conditions\/\">Terms And Conditions<\/a><\/h3>\t\t\t\t<\/div>\n\t\t\t<\/div>\n\t\t<\/div>\n\t\t\t\t<div class=\"raven-grid-item raven-post-item post-1336 page type-page status-publish hentry\">\n\t\t\t<div class=\"raven-post\">\n\t\t\t\t\t\t\t\t<div class=\"raven-post-content\">\n\t\t\t\t\t<h3 class=\"raven-post-title\"><a class=\"raven-post-title-link\" href=\"https:\/\/opdrerginerdogan.com\/en\/data-subject-request-form\/\">DATA SUBJECT REQUEST FORM<\/a><\/h3>\t\t\t\t<\/div>\n\t\t\t<\/div>\n\t\t<\/div>\n\t\t\t\t<\/div>\n\t\t\t\t\t\t<\/div>\n\t\t\t\t<\/div>\n\t\t\t\t\t<\/div>\n\t\t<\/div>\n\t\t\t\t\t<\/div>\n\t\t<\/section>\n\t\t\t\t<section class=\"elementor-section elementor-top-section elementor-element elementor-element-216a13c elementor-section-content-middle elementor-section-boxed elementor-section-height-default elementor-section-height-default\" data-id=\"216a13c\" data-element_type=\"section\">\n\t\t\t\t\t\t<div class=\"elementor-container elementor-column-gap-default\">\n\t\t\t\t\t<div class=\"elementor-column elementor-col-100 elementor-top-column elementor-element elementor-element-7f80a17\" data-id=\"7f80a17\" data-element_type=\"column\">\n\t\t\t<div class=\"elementor-widget-wrap elementor-element-populated\">\n\t\t\t\t\t\t<div class=\"elementor-element elementor-element-5dd0b20 elementor-widget elementor-widget-heading\" data-id=\"5dd0b20\" data-element_type=\"widget\" data-widget_type=\"heading.default\">\n\t\t\t\t<div class=\"elementor-widget-container\">\n\t\t\t\t\t<h3 class=\"elementor-heading-title elementor-size-default\">International Health Tourism Authorization Certificate\u00a0<\/h3>\t\t\t\t<\/div>\n\t\t\t\t<\/div>\n\t\t\t\t<section class=\"elementor-section elementor-inner-section elementor-element elementor-element-04739f7 elementor-section-boxed elementor-section-height-default elementor-section-height-default\" data-id=\"04739f7\" data-element_type=\"section\">\n\t\t\t\t\t\t<div class=\"elementor-container elementor-column-gap-default\">\n\t\t\t\t\t<div class=\"elementor-column elementor-col-25 elementor-inner-column elementor-element elementor-element-a3b4edd\" data-id=\"a3b4edd\" data-element_type=\"column\">\n\t\t\t<div class=\"elementor-widget-wrap\">\n\t\t\t\t\t\t\t<\/div>\n\t\t<\/div>\n\t\t\t\t<div class=\"elementor-column elementor-col-25 elementor-inner-column elementor-element elementor-element-f3c1a3f\" data-id=\"f3c1a3f\" data-element_type=\"column\">\n\t\t\t<div class=\"elementor-widget-wrap elementor-element-populated\">\n\t\t\t\t\t\t<div class=\"elementor-element elementor-element-1643c46 elementor-widget elementor-widget-image\" data-id=\"1643c46\" data-element_type=\"widget\" data-widget_type=\"image.default\">\n\t\t\t\t<div class=\"elementor-widget-container\">\n\t\t\t\t\t\t\t\t\t\t\t\t\t\t\t\t<a href=\"https:\/\/opdrerginerdogan.com\/en\/wp-content\/uploads\/2025\/10\/ergin.webp\" data-elementor-open-lightbox=\"yes\" data-elementor-lightbox-title=\"ergin\" data-e-action-hash=\"#elementor-action%3Aaction%3Dlightbox%26settings%3DeyJpZCI6MTM1MSwidXJsIjoiaHR0cHM6XC9cL29wZHJlcmdpbmVyZG9nYW4uY29tXC9lblwvd3AtY29udGVudFwvdXBsb2Fkc1wvMjAyNVwvMTBcL2VyZ2luLndlYnAifQ%3D%3D\">\n\t\t\t\t\t\t\t<img loading=\"lazy\" decoding=\"async\" width=\"1600\" height=\"1131\" src=\"https:\/\/opdrerginerdogan.com\/en\/wp-content\/uploads\/2025\/10\/ergin.webp\" class=\"attachment-full size-full wp-image-1351\" alt=\"\" srcset=\"https:\/\/opdrerginerdogan.com\/en\/wp-content\/uploads\/2025\/10\/ergin.webp 1600w, https:\/\/opdrerginerdogan.com\/en\/wp-content\/uploads\/2025\/10\/ergin-300x212.webp 300w, https:\/\/opdrerginerdogan.com\/en\/wp-content\/uploads\/2025\/10\/ergin-1024x724.webp 1024w, https:\/\/opdrerginerdogan.com\/en\/wp-content\/uploads\/2025\/10\/ergin-768x543.webp 768w, https:\/\/opdrerginerdogan.com\/en\/wp-content\/uploads\/2025\/10\/ergin-1536x1086.webp 1536w, https:\/\/opdrerginerdogan.com\/en\/wp-content\/uploads\/2025\/10\/ergin-600x424.webp 600w\" sizes=\"(max-width: 1600px) 100vw, 1600px\" \/>\t\t\t\t\t\t\t\t<\/a>\n\t\t\t\t\t\t\t\t\t\t\t\t\t\t\t<\/div>\n\t\t\t\t<\/div>\n\t\t\t\t\t<\/div>\n\t\t<\/div>\n\t\t\t\t<div class=\"elementor-column elementor-col-25 elementor-inner-column elementor-element elementor-element-e94e97e\" data-id=\"e94e97e\" data-element_type=\"column\">\n\t\t\t<div class=\"elementor-widget-wrap elementor-element-populated\">\n\t\t\t\t\t\t<div class=\"elementor-element elementor-element-1ed2ab4 elementor-widget elementor-widget-image\" data-id=\"1ed2ab4\" data-element_type=\"widget\" data-widget_type=\"image.default\">\n\t\t\t\t<div class=\"elementor-widget-container\">\n\t\t\t\t\t\t\t\t\t\t\t\t\t\t\t\t<a href=\"https:\/\/opdrerginerdogan.com\/en\/wp-content\/uploads\/2025\/11\/healthturkiyelogo2.webp\" data-elementor-open-lightbox=\"yes\" data-elementor-lightbox-title=\"healthturkiyelogo2\" data-e-action-hash=\"#elementor-action%3Aaction%3Dlightbox%26settings%3DeyJpZCI6MTM1NCwidXJsIjoiaHR0cHM6XC9cL29wZHJlcmdpbmVyZG9nYW4uY29tXC9lblwvd3AtY29udGVudFwvdXBsb2Fkc1wvMjAyNVwvMTFcL2hlYWx0aHR1cmtpeWVsb2dvMi53ZWJwIn0%3D\">\n\t\t\t\t\t\t\t<img loading=\"lazy\" decoding=\"async\" width=\"1000\" height=\"1000\" src=\"https:\/\/opdrerginerdogan.com\/en\/wp-content\/uploads\/2025\/11\/healthturkiyelogo2.webp\" class=\"attachment-full size-full wp-image-1354\" alt=\"\" srcset=\"https:\/\/opdrerginerdogan.com\/en\/wp-content\/uploads\/2025\/11\/healthturkiyelogo2.webp 1000w, https:\/\/opdrerginerdogan.com\/en\/wp-content\/uploads\/2025\/11\/healthturkiyelogo2-300x300.webp 300w, https:\/\/opdrerginerdogan.com\/en\/wp-content\/uploads\/2025\/11\/healthturkiyelogo2-150x150.webp 150w, https:\/\/opdrerginerdogan.com\/en\/wp-content\/uploads\/2025\/11\/healthturkiyelogo2-768x768.webp 768w, https:\/\/opdrerginerdogan.com\/en\/wp-content\/uploads\/2025\/11\/healthturkiyelogo2-500x500.webp 500w, https:\/\/opdrerginerdogan.com\/en\/wp-content\/uploads\/2025\/11\/healthturkiyelogo2-600x600.webp 600w, https:\/\/opdrerginerdogan.com\/en\/wp-content\/uploads\/2025\/11\/healthturkiyelogo2-100x100.webp 100w\" sizes=\"(max-width: 1000px) 100vw, 1000px\" \/>\t\t\t\t\t\t\t\t<\/a>\n\t\t\t\t\t\t\t\t\t\t\t\t\t\t\t<\/div>\n\t\t\t\t<\/div>\n\t\t\t\t\t<\/div>\n\t\t<\/div>\n\t\t\t\t<div class=\"elementor-column elementor-col-25 elementor-inner-column elementor-element elementor-element-50a488e\" data-id=\"50a488e\" data-element_type=\"column\">\n\t\t\t<div class=\"elementor-widget-wrap\">\n\t\t\t\t\t\t\t<\/div>\n\t\t<\/div>\n\t\t\t\t\t<\/div>\n\t\t<\/section>\n\t\t\t\t\t<\/div>\n\t\t<\/div>\n\t\t\t\t\t<\/div>\n\t\t<\/section>\n\t\t\t\t<\/div>\n\t\t","protected":false},"excerpt":{"rendered":"<p>Op. Dr. Ergin Erdo\u011fan Date of birth\/ place of birth: 07\/03\/1989 Malatya \/Turkey Areas Of Expertise: Fox Eye Surgery, Endoscopic Nov Lifting, Blepharoplasty, Bichectomy, Facial Lipofilling, Lifting Rope, Mid Face Lift, Full Face Lift, Chin Implant, Rhinoplasty, Otoplasty, Bichectomy, Breast Lift, Breast Reduction, Breast Implants, Breast Lift, Vaser Liposuction, Tummy Tuck, Post Bariatric Lipoabdominoplasti, Back [&hellip;]<\/p>\n","protected":false},"author":1,"featured_media":0,"parent":0,"menu_order":0,"comment_status":"closed","ping_status":"closed","template":"elementor_header_footer","meta":{"_acf_changed":false,"footnotes":""},"class_list":["post-18","page","type-page","status-publish","hentry"],"acf":[],"_links":{"self":[{"href":"https:\/\/opdrerginerdogan.com\/en\/wp-json\/wp\/v2\/pages\/18","targetHints":{"allow":["GET"]}}],"collection":[{"href":"https:\/\/opdrerginerdogan.com\/en\/wp-json\/wp\/v2\/pages"}],"about":[{"href":"https:\/\/opdrerginerdogan.com\/en\/wp-json\/wp\/v2\/types\/page"}],"author":[{"embeddable":true,"href":"https:\/\/opdrerginerdogan.com\/en\/wp-json\/wp\/v2\/users\/1"}],"replies":[{"embeddable":true,"href":"https:\/\/opdrerginerdogan.com\/en\/wp-json\/wp\/v2\/comments?post=18"}],"version-history":[{"count":0,"href":"https:\/\/opdrerginerdogan.com\/en\/wp-json\/wp\/v2\/pages\/18\/revisions"}],"wp:attachment":[{"href":"https:\/\/opdrerginerdogan.com\/en\/wp-json\/wp\/v2\/media?parent=18"}],"curies":[{"name":"wp","href":"https:\/\/api.w.org\/{rel}","templated":true}]}}